{"id":87,"date":"2025-04-20T19:17:54","date_gmt":"2025-04-20T19:17:54","guid":{"rendered":"https:\/\/admove.ro\/index.php\/home\/"},"modified":"2025-10-16T06:02:36","modified_gmt":"2025-10-16T06:02:36","slug":"home","status":"publish","type":"page","link":"https:\/\/admove.ro\/index.php\/home\/","title":{"rendered":"Home"},"content":{"rendered":"<div data-colibri-id=\"87-c1\" class=\"style-190 style-local-87-c1 position-relative\">\n  <!----><\/p>\n<div data-colibri-component=\"section\" data-colibri-id=\"87-c2\" id=\"initial-content\" class=\"h-section h-section-global-spacing d-flex align-items-lg-center align-items-md-center align-items-center style-191 style-local-87-c2 position-relative\">\n    <!----><br \/>\n    <!----><\/p>\n<div class=\"h-section-grid-container h-section-boxed-container\">\n      <!----><\/p>\n<div data-colibri-id=\"87-c3\" class=\"h-row-container gutters-row-lg-2 gutters-row-md-2 gutters-row-0 gutters-row-v-lg-2 gutters-row-v-md-2 gutters-row-v-2 style-208 style-local-87-c3 position-relative\">\n        <!----><\/p>\n<div class=\"h-row justify-content-lg-center justify-content-md-center justify-content-center align-items-lg-stretch align-items-md-stretch align-items-stretch gutters-col-lg-2 gutters-col-md-2 gutters-col-0 gutters-col-v-lg-2 gutters-col-v-md-2 gutters-col-v-2\">\n          <!----><\/p>\n<div class=\"h-column h-column-container d-flex h-col-lg-auto h-col-md-auto h-col-auto style-209-outer style-local-87-c4-outer\">\n<div data-colibri-id=\"87-c4\" class=\"d-flex h-flex-basis h-column__inner h-px-lg-2 h-px-md-2 h-px-2 v-inner-lg-2 v-inner-md-2 v-inner-2 style-209 style-local-87-c4 position-relative\">\n              <!----><br \/>\n              <!----><\/p>\n<div class=\"w-100 h-y-container h-column__content h-column__v-align flex-basis-100 align-self-lg-start align-self-md-start align-self-start\">\n                <!----><\/p>\n<div data-colibri-id=\"87-c5\" class=\"h-global-transition-all h-heading style-212 style-local-87-c5 position-relative h-element\">\n                  <!----><\/p>\n<div class=\"h-heading__outer style-212 style-local-87-c5\">\n                    <!----><br \/>\n                    <!----><\/p>\n<h2 class=\"\">About us<\/h2>\n<\/p><\/div>\n<\/p><\/div>\n<\/p><\/div>\n<\/p><\/div>\n<\/p><\/div>\n<\/p><\/div>\n<\/p><\/div>\n<div data-colibri-id=\"87-c6\" class=\"h-row-container gutters-row-lg-2 gutters-row-md-2 gutters-row-0 gutters-row-v-lg-2 gutters-row-v-md-2 gutters-row-v-2 style-192 style-local-87-c6 position-relative\">\n        <!----><\/p>\n<div class=\"h-row justify-content-lg-center justify-content-md-center justify-content-center align-items-lg-stretch align-items-md-stretch align-items-stretch gutters-col-lg-2 gutters-col-md-2 gutters-col-0 gutters-col-v-lg-2 gutters-col-v-md-2 gutters-col-v-2\">\n          <!----><\/p>\n<div class=\"h-column h-column-container d-flex h-col-lg-auto h-col-md-auto h-col-auto style-193-outer style-local-87-c7-outer\">\n<div data-colibri-id=\"87-c7\" class=\"d-flex h-flex-basis h-column__inner h-px-lg-2 h-px-md-2 h-px-2 v-inner-lg-2 v-inner-md-2 v-inner-2 style-193 style-local-87-c7 position-relative\">\n              <!----><br \/>\n              <!----><\/p>\n<div class=\"w-100 h-y-container h-column__content h-column__v-align flex-basis-100 align-self-lg-start align-self-md-start align-self-start\">\n                <!----><\/p>\n<div data-colibri-id=\"87-c8\" class=\"h-global-transition-all h-heading style-211 style-local-87-c8 position-relative h-element\">\n                  <!----><\/p>\n<div class=\"h-heading__outer style-211 style-local-87-c8\">\n                    <!----><br \/>\n                    <!----><\/p>\n<h2 class=\"\">\n                      <br \/>AdMove este o platform\u0103 de publicitate mobil\u0103 care combin\u0103 tehnologia digital\u0103 cu mobilitatea urban\u0103 pentru a oferi campanii outdoor de impact. Platforma noastr\u0103 activeaz\u0103 \u00een Cluj-Napoca si include 10 ecrane LED mobile, optimizate<br \/>\n                      pentru vizibilitate maxim\u0103 \u00een trafic.<\/p>\n<p>Oferim brandurilor expunere \u00een cele mai aglomerate zone ale ora\u0219ului, unde peste 250.000 de persoane se afl\u0103 \u00een mi\u0219care \u00een fiecare zi.<\/p>\n<p>\n                    <\/h2>\n<\/p><\/div>\n<\/p><\/div>\n<\/p><\/div>\n<\/p><\/div>\n<\/p><\/div>\n<\/p><\/div>\n<\/p><\/div>\n<div data-colibri-id=\"87-c9\" class=\"h-row-container gutters-row-lg-2 gutters-row-md-2 gutters-row-0 gutters-row-v-lg-2 gutters-row-v-md-2 gutters-row-v-2 style-218 style-local-87-c9 position-relative\">\n        <!----><\/p>\n<div class=\"h-row justify-content-lg-center justify-content-md-center justify-content-center align-items-lg-stretch align-items-md-stretch align-items-stretch gutters-col-lg-2 gutters-col-md-2 gutters-col-0 gutters-col-v-lg-2 gutters-col-v-md-2 gutters-col-v-2\">\n          <!----><\/p>\n<div class=\"h-column h-column-container d-flex h-col-lg-auto h-col-md-auto h-col-auto style-219-outer style-local-87-c10-outer\">\n<div data-colibri-id=\"87-c10\" class=\"d-flex h-flex-basis h-column__inner h-px-lg-2 h-px-md-2 h-px-2 v-inner-lg-2 v-inner-md-2 v-inner-2 style-219 style-local-87-c10 position-relative\">\n              <!----><br \/>\n              <!----><\/p>\n<div class=\"w-100 h-y-container h-column__content h-column__v-align flex-basis-100 align-self-lg-start align-self-md-start align-self-start\">\n                <!----><\/p>\n<div data-colibri-id=\"87-c11\" class=\"h-x-container style-230 style-local-87-c11 position-relative h-element\">\n                  <!----><\/p>\n<div class=\"h-x-container-inner style-dynamic-87-c11-group style-230-spacing style-local-87-c11-spacing\"><span class=\"h-button__outer style-231-outer style-local-87-c12-outer d-inline-flex h-element\"><a h-use-smooth-scroll=\"true\" href=\"\" rel=\"nofollow\"  data-colibri-id=\"87-c12\" class=\"d-flex w-100 align-items-center h-button justify-content-lg-center justify-content-md-center justify-content-center style-231 style-local-87-c12 position-relative\"><!----><!----> <span>min. 600h\/lun\u0103<\/span><\/a><br \/>\n                    <\/span>\n                  <\/div>\n<\/p><\/div>\n<\/p><\/div>\n<\/p><\/div>\n<\/p><\/div>\n<div class=\"h-column h-column-container d-flex h-col-lg-auto h-col-md-auto h-col-auto style-223-outer style-local-87-c13-outer\">\n<div data-colibri-id=\"87-c13\" class=\"d-flex h-flex-basis h-column__inner h-px-lg-2 h-px-md-2 h-px-2 v-inner-lg-2 v-inner-md-2 v-inner-2 style-223 style-local-87-c13 position-relative\">\n              <!----><br \/>\n              <!----><\/p>\n<div class=\"w-100 h-y-container h-column__content h-column__v-align flex-basis-100 align-self-lg-start align-self-md-start align-self-start\">\n                <!----><\/p>\n<div data-colibri-id=\"87-c14\" class=\"h-x-container style-224 style-local-87-c14 position-relative h-element\">\n                  <!----><\/p>\n<div class=\"h-x-container-inner style-dynamic-87-c14-group style-224-spacing style-local-87-c14-spacing\"><span class=\"h-button__outer style-225-outer style-local-87-c15-outer d-inline-flex h-element\"><a h-use-smooth-scroll=\"true\" href=\"\" rel=\"nofollow\"  data-colibri-id=\"87-c15\" class=\"d-flex w-100 align-items-center h-button justify-content-lg-center justify-content-md-center justify-content-center style-225 style-local-87-c15 position-relative\"><!----><!----> <span>~125km\/zi<\/span><\/a><br \/>\n                    <\/span>\n                  <\/div>\n<\/p><\/div>\n<\/p><\/div>\n<\/p><\/div>\n<\/p><\/div>\n<\/p><\/div>\n<\/p><\/div>\n<\/p><\/div>\n<\/p><\/div>\n<div data-colibri-component=\"section\" data-colibri-id=\"87-c16\" id=\"custom\" class=\"h-section h-section-global-spacing d-flex align-items-lg-center align-items-md-center align-items-center style-195 style-local-87-c16 position-relative\">\n    <!----><br \/>\n    <!----><\/p>\n<div class=\"h-section-grid-container h-section-boxed-container\">\n      <!----><\/p>\n<div data-colibri-id=\"87-c17\" class=\"h-row-container gutters-row-lg-2 gutters-row-md-2 gutters-row-0 gutters-row-v-lg-2 gutters-row-v-md-2 gutters-row-v-2 style-196 style-local-87-c17 position-relative\">\n        <!----><\/p>\n<div class=\"h-row justify-content-lg-center justify-content-md-center justify-content-center align-items-lg-stretch align-items-md-stretch align-items-stretch gutters-col-lg-2 gutters-col-md-2 gutters-col-0 gutters-col-v-lg-2 gutters-col-v-md-2 gutters-col-v-2\">\n          <!----><\/p>\n<div class=\"h-column h-column-container d-flex h-col-lg-auto h-col-md-auto h-col-auto style-197-outer style-local-87-c18-outer\">\n<div data-colibri-id=\"87-c18\" class=\"d-flex h-flex-basis h-column__inner h-px-lg-2 h-px-md-2 h-px-2 v-inner-lg-2 v-inner-md-2 v-inner-2 style-197 style-local-87-c18 position-relative\">\n              <!----><br \/>\n              <!----><\/p>\n<div class=\"w-100 h-y-container h-column__content h-column__v-align flex-basis-100 align-self-lg-start align-self-md-start align-self-start\">\n                <!----><\/p>\n<div data-colibri-id=\"87-c19\" class=\"h-global-transition-all h-heading style-217 style-local-87-c19 position-relative h-element\">\n                  <!----><\/p>\n<div class=\"h-heading__outer style-217 style-local-87-c19\">\n                    <!----><br \/>\n                    <!----><\/p>\n<h2 class=\"\">CONTACT<\/h2>\n<\/p><\/div>\n<\/p><\/div>\n<div data-colibri-id=\"87-c20\" class=\"h-text h-text-component style-198 style-local-87-c20 position-relative h-element\">\n                  <!----><br \/>\n                  <!----><\/p>\n<div class=\"\">\n<p>\ud83d\udcde &nbsp;0750 205 273<\/p>\n<p>\u2709\ufe0f &nbsp;sales@admove.ro<\/p>\n<\/p><\/div>\n<\/p><\/div>\n<\/p><\/div>\n<\/p><\/div>\n<\/p><\/div>\n<\/p><\/div>\n<\/p><\/div>\n<div data-colibri-id=\"87-c21\" class=\"h-row-container gutters-row-lg-2 gutters-row-md-2 gutters-row-0 gutters-row-v-lg-2 gutters-row-v-md-2 gutters-row-v-2 style-214 style-local-87-c21 position-relative\">\n        <!----><\/p>\n<div class=\"h-row justify-content-lg-center justify-content-md-center justify-content-center align-items-lg-stretch align-items-md-stretch align-items-stretch gutters-col-lg-2 gutters-col-md-2 gutters-col-0 gutters-col-v-lg-2 gutters-col-v-md-2 gutters-col-v-2\">\n          <!----><\/p>\n<div class=\"h-column h-column-container d-flex h-col-lg-auto h-col-md-auto h-col-auto style-216-outer style-local-87-c22-outer\">\n<div data-colibri-id=\"87-c22\" class=\"d-flex h-flex-basis h-column__inner h-px-lg-2 h-px-md-2 h-px-2 v-inner-lg-2 v-inner-md-2 v-inner-2 style-216 style-local-87-c22 position-relative\">\n              <!----><br \/>\n              <!----><\/p>\n<div class=\"w-100 h-y-container h-column__content h-column__v-align flex-basis-100 align-self-lg-start align-self-md-start align-self-start\">\n                <!----><\/p>\n<div data-colibri-id=\"87-c23\" class=\"d-block style-235 style-local-87-c23 position-relative h-element\">\n                  <!----><\/p>\n<div class=\"h-image__frame-container-outer\">\n                    <a href=\"https:\/\/www.instagram.com\/admove.ro\/\" target=\"_blank\" h-use-smooth-scroll=\"true\" class=\"image-link\"><\/p>\n<div class=\"h-image__frame-container\">\n                        <!----><br \/>\n                        <!----><br \/>\n                        <img loading=\"lazy\" decoding=\"async\" width=\"360\" height=\"360\" src=\"https:\/\/admove.ro\/wp-content\/uploads\/2025\/04\/pngtree-instagram-icon-instagram-logo-png-image_3584853.png\" class=\"wp-image-258 style-235-image style-local-87-c23-image\" srcset=\"https:\/\/admove.ro\/wp-content\/uploads\/2025\/04\/pngtree-instagram-icon-instagram-logo-png-image_3584853.png 360w, https:\/\/admove.ro\/wp-content\/uploads\/2025\/04\/pngtree-instagram-icon-instagram-logo-png-image_3584853-300x300.png 300w, https:\/\/admove.ro\/wp-content\/uploads\/2025\/04\/pngtree-instagram-icon-instagram-logo-png-image_3584853-150x150.png 150w\" sizes=\"(max-width: 360px) 100vw, 360px\" \/><\/p>\n<div class=\"h-image__frame h-hide-lg h-hide-md h-hide-sm style-235-frameImage style-local-87-c23-frameImage\"><\/div>\n<\/p><\/div>\n<p>                    <\/a>\n                  <\/div>\n<\/p><\/div>\n<\/p><\/div>\n<\/p><\/div>\n<\/p><\/div>\n<div class=\"h-column h-column-container d-flex h-col-lg-auto h-col-md-auto h-col-auto style-236-outer style-local-87-c24-outer\">\n<div data-colibri-id=\"87-c24\" class=\"d-flex h-flex-basis h-column__inner h-px-lg-2 h-px-md-2 h-px-2 v-inner-lg-2 v-inner-md-2 v-inner-2 style-236 style-local-87-c24 position-relative\">\n              <!----><br \/>\n              <!----><\/p>\n<div class=\"w-100 h-y-container h-column__content h-column__v-align flex-basis-100 align-self-lg-start align-self-md-start align-self-start\">\n                <!----><\/p>\n<div data-colibri-id=\"87-c25\" class=\"d-block style-237 style-local-87-c25 position-relative h-element\">\n                  <!----><\/p>\n<div class=\"h-image__frame-container-outer\">\n                    <a href=\"https:\/\/api.whatsapp.com\/send\/?phone=0750205273&amp;text&amp;type=phone_number&amp;app_absent=0\" target=\"_blank\" rel=\"nofollow\" h-use-smooth-scroll=\"true\" class=\"image-link\"><\/p>\n<div class=\"h-image__frame-container\">\n                        <!----><br \/>\n                        <!----><br \/>\n                        <img loading=\"lazy\" decoding=\"async\" width=\"512\" height=\"512\" src=\"https:\/\/admove.ro\/wp-content\/uploads\/2025\/10\/cropped-WhatsApp.svg.png\" class=\"wp-image-309 style-237-image style-local-87-c25-image\" srcset=\"https:\/\/admove.ro\/wp-content\/uploads\/2025\/10\/cropped-WhatsApp.svg.png 512w, https:\/\/admove.ro\/wp-content\/uploads\/2025\/10\/cropped-WhatsApp.svg-300x300.png 300w, https:\/\/admove.ro\/wp-content\/uploads\/2025\/10\/cropped-WhatsApp.svg-150x150.png 150w\" sizes=\"(max-width: 512px) 100vw, 512px\" \/><\/p>\n<div class=\"h-image__frame h-hide-lg h-hide-md h-hide-sm style-237-frameImage style-local-87-c25-frameImage\"><\/div>\n<\/p><\/div>\n<p>                    <\/a>\n                  <\/div>\n<\/p><\/div>\n<\/p><\/div>\n<\/p><\/div>\n<\/p><\/div>\n<\/p><\/div>\n<\/p><\/div>\n<\/p><\/div>\n<\/p><\/div>\n<\/div>\n","protected":false},"excerpt":{"rendered":"<p>About us AdMove este o platform\u0103 de publicitate mobil\u0103 care combin\u0103 tehnologia digital\u0103 cu mobilitatea urban\u0103 pentru a oferi campanii outdoor de impact. Platforma noastr\u0103 activeaz\u0103 \u00een Cluj-Napoca si include 10 ecrane LED mobile, optimizate pentru vizibilitate maxim\u0103 \u00een trafic. Oferim brandurilor expunere \u00een cele mai aglomerate zone ale ora\u0219ului, unde peste 250.000 de persoane [&hellip;]<\/p>\n","protected":false},"author":2,"featured_media":0,"parent":0,"menu_order":0,"comment_status":"closed","ping_status":"closed","template":"page-templates\/full-width-page.php","meta":{"saved_in_kubio":false,"_themeisle_gutenberg_block_has_review":false,"footnotes":""},"class_list":["post-87","page","type-page","status-publish","hentry"],"kubio_ai_page_context":{"short_desc":"","purpose":"general"},"_links":{"self":[{"href":"https:\/\/admove.ro\/index.php\/wp-json\/wp\/v2\/pages\/87","targetHints":{"allow":["GET"]}}],"collection":[{"href":"https:\/\/admove.ro\/index.php\/wp-json\/wp\/v2\/pages"}],"about":[{"href":"https:\/\/admove.ro\/index.php\/wp-json\/wp\/v2\/types\/page"}],"author":[{"embeddable":true,"href":"https:\/\/admove.ro\/index.php\/wp-json\/wp\/v2\/users\/2"}],"replies":[{"embeddable":true,"href":"https:\/\/admove.ro\/index.php\/wp-json\/wp\/v2\/comments?post=87"}],"version-history":[{"count":20,"href":"https:\/\/admove.ro\/index.php\/wp-json\/wp\/v2\/pages\/87\/revisions"}],"predecessor-version":[{"id":339,"href":"https:\/\/admove.ro\/index.php\/wp-json\/wp\/v2\/pages\/87\/revisions\/339"}],"wp:attachment":[{"href":"https:\/\/admove.ro\/index.php\/wp-json\/wp\/v2\/media?parent=87"}],"curies":[{"name":"wp","href":"https:\/\/api.w.org\/{rel}","templated":true}]}}